{"id":125,"date":"2016-04-19T09:05:59","date_gmt":"2016-04-19T09:05:59","guid":{"rendered":"http:\/\/demo.acmethemes.com\/infinite-photography\/?page_id=125"},"modified":"2019-10-04T18:17:22","modified_gmt":"2019-10-04T21:17:22","slug":"about","status":"publish","type":"page","link":"https:\/\/www.quieromoda.ar\/content\/about\/","title":{"rendered":"#hayequipo"},"content":{"rendered":"<h6 style=\"text-align: center;\">Somos especialistas en foto, video y branded content.<\/h6>\n<p>Producimos contenidos especializados en estilo de vida, outdoors, moda, dise\u00f1o, hi tech, autos, gastronom\u00eda, turismo y m\u00e1s.\u00a0<\/p>\n<p>Trabajamos en la comunicaci\u00f3n y posicionamiento de tu marca y en entender las necesidades de tus clientes. \u00a0Creamos un plan estrat\u00e9gico de contenidos que incluye campa\u00f1as, creatividad, acciones, foto, video, dise\u00f1o gr\u00e1fico, redacci\u00f3n publicitaria, productos editoriales y eventos.<\/p>\n<p>Desarrollamos contenidos y pautas en los tradicionales y los nuevos canales de contacto, mediante los cuales tu marca se comunica con su p\u00fablico y transmite los valores que la definen.\u00a0<br \/><br \/><\/p>\n<p style=\"text-align: center;\"><strong>SOMOS PARTE DE TU EQUIPO. BUSCAMOS RESULTADOS.<br \/><\/strong><\/p>\n<p style=\"text-align: center;\"><strong>Jimena Su\u00e1rez <br \/><\/strong>Producci\u00f3n de contenidos | Direcci\u00f3n de arte<\/p>\n<p style=\"text-align: center;\"><strong>Nicol\u00e1s Huerin <br \/><\/strong>Direcci\u00f3n de foto y video\u00a0<\/p>\n<p style=\"text-align: center;\"><span style=\"color: #808080;\"><strong><em>&#8220;Nuestro estudio con 20 a\u00f1os de trayectoria tiene base en Buenos Aires.<br \/>Mezclamos disciplinas para cada uno de nuestros proyectos <\/em><\/strong><\/span><span style=\"color: #808080;\"><strong><em>y creemos que <br \/><\/em><\/strong><\/span><span style=\"color: #808080;\"><strong><em>el trabajo en equipo es fundamental en cada proceso.&#8221;<\/em><\/strong><\/span><\/p>\n<p style=\"text-align: center;\">\u00a0<\/p>\n\n\n<p><\/p>\n","protected":false},"excerpt":{"rendered":"<p>Somos especialistas en foto, video y branded content. Producimos contenidos especializados en estilo de vida, outdoors, moda, dise\u00f1o, hi tech, autos, gastronom\u00eda, turismo y m\u00e1s.\u00a0 Trabajamos en la comunicaci\u00f3n y posicionamiento de tu marca y en entender las necesidades de tus clientes. \u00a0Creamos un plan estrat\u00e9gico de contenidos que incluye campa\u00f1as, creatividad, acciones, foto, video, &hellip; <\/p>\n<p class=\"link-more\"><a href=\"https:\/\/www.quieromoda.ar\/content\/about\/\" class=\"more-link\">Continue reading<span class=\"screen-reader-text\"> &#8220;#hayequipo&#8221;<\/span><\/a><\/p>\n","protected":false},"author":1,"featured_media":0,"parent":0,"menu_order":0,"comment_status":"closed","ping_status":"closed","template":"","meta":{"footnotes":""},"class_list":["post-125","page","type-page","status-publish","hentry"],"_links":{"self":[{"href":"https:\/\/www.quieromoda.ar\/content\/wp-json\/wp\/v2\/pages\/125"}],"collection":[{"href":"https:\/\/www.quieromoda.ar\/content\/wp-json\/wp\/v2\/pages"}],"about":[{"href":"https:\/\/www.quieromoda.ar\/content\/wp-json\/wp\/v2\/types\/page"}],"author":[{"embeddable":true,"href":"https:\/\/www.quieromoda.ar\/content\/wp-json\/wp\/v2\/users\/1"}],"replies":[{"embeddable":true,"href":"https:\/\/www.quieromoda.ar\/content\/wp-json\/wp\/v2\/comments?post=125"}],"version-history":[{"count":37,"href":"https:\/\/www.quieromoda.ar\/content\/wp-json\/wp\/v2\/pages\/125\/revisions"}],"predecessor-version":[{"id":408,"href":"https:\/\/www.quieromoda.ar\/content\/wp-json\/wp\/v2\/pages\/125\/revisions\/408"}],"wp:attachment":[{"href":"https:\/\/www.quieromoda.ar\/content\/wp-json\/wp\/v2\/media?parent=125"}],"curies":[{"name":"wp","href":"https:\/\/api.w.org\/{rel}","templated":true}]}}