{"id":128,"date":"2016-04-19T09:07:00","date_gmt":"2016-04-19T09:07:00","guid":{"rendered":"http:\/\/demo.acmethemes.com\/infinite-photography\/?page_id=128"},"modified":"2019-10-04T18:22:25","modified_gmt":"2019-10-04T21:22:25","slug":"contact","status":"publish","type":"page","link":"https:\/\/www.quieromoda.ar\/content\/contact\/","title":{"rendered":"Contact"},"content":{"rendered":"<p style=\"text-align: center;\"><strong>Jimena Su\u00e1rez<br \/>\n<\/strong>\u00a0Producci\u00f3n de contenidos | Direcci\u00f3n de arte<br \/>\n<span style=\"color: #003366;\"><a style=\"color: #003366;\" href=\"mailto:jimena.sh@gmail.com\"><strong><em>jimena.sh@gmail.com<\/em><\/strong><\/a><\/span><\/p>\n<p style=\"text-align: center;\"><strong>Nicol\u00e1s Huerin<br \/>\n<\/strong>Direcci\u00f3n de foto y video | Fotograf\u00eda<br \/>\n<span style=\"color: #003366;\"><a style=\"color: #003366;\" href=\"mailto:topo.sh@gmail.com\"><strong><em>topo.sh@gmail.com<\/em><\/strong><\/a><\/span><\/p>\n","protected":false},"excerpt":{"rendered":"<p>Jimena Su\u00e1rez \u00a0Producci\u00f3n de contenidos | Direcci\u00f3n de arte jimena.sh@gmail.com Nicol\u00e1s Huerin Direcci\u00f3n de foto y video | Fotograf\u00eda topo.sh@gmail.com<\/p>\n","protected":false},"author":1,"featured_media":0,"parent":0,"menu_order":0,"comment_status":"closed","ping_status":"closed","template":"","meta":{"footnotes":""},"class_list":["post-128","page","type-page","status-publish","hentry"],"_links":{"self":[{"href":"https:\/\/www.quieromoda.ar\/content\/wp-json\/wp\/v2\/pages\/128"}],"collection":[{"href":"https:\/\/www.quieromoda.ar\/content\/wp-json\/wp\/v2\/pages"}],"about":[{"href":"https:\/\/www.quieromoda.ar\/content\/wp-json\/wp\/v2\/types\/page"}],"author":[{"embeddable":true,"href":"https:\/\/www.quieromoda.ar\/content\/wp-json\/wp\/v2\/users\/1"}],"replies":[{"embeddable":true,"href":"https:\/\/www.quieromoda.ar\/content\/wp-json\/wp\/v2\/comments?post=128"}],"version-history":[{"count":7,"href":"https:\/\/www.quieromoda.ar\/content\/wp-json\/wp\/v2\/pages\/128\/revisions"}],"predecessor-version":[{"id":410,"href":"https:\/\/www.quieromoda.ar\/content\/wp-json\/wp\/v2\/pages\/128\/revisions\/410"}],"wp:attachment":[{"href":"https:\/\/www.quieromoda.ar\/content\/wp-json\/wp\/v2\/media?parent=128"}],"curies":[{"name":"wp","href":"https:\/\/api.w.org\/{rel}","templated":true}]}}